{"id":11,"date":"2021-11-21T15:12:46","date_gmt":"2021-11-21T15:12:46","guid":{"rendered":"https:\/\/fundacjaolafek.pl\/index.php\/home\/"},"modified":"2023-03-01T09:10:36","modified_gmt":"2023-03-01T09:10:36","slug":"home","status":"publish","type":"page","link":"https:\/\/fundacjaolafek.pl\/","title":{"rendered":"Home"},"content":{"rendered":"\t\t<div data-elementor-type=\"wp-page\" data-elementor-id=\"11\" class=\"elementor elementor-11\">\n\t\t\t\t\t\t\t\t\t<section class=\"elementor-section elementor-top-section elementor-element elementor-element-a8c4723 elementor-section-boxed elementor-section-height-default elementor-section-height-default\" data-id=\"a8c4723\" data-element_type=\"section\">\n\t\t\t\t\t\t<div class=\"elementor-container elementor-column-gap-default\">\n\t\t\t\t\t<div class=\"elementor-column elementor-col-100 elementor-top-column elementor-element elementor-element-5465883\" data-id=\"5465883\" data-element_type=\"column\">\n\t\t\t<div class=\"elementor-widget-wrap elementor-element-populated\">\n\t\t\t\t\t\t\t\t<div class=\"elementor-element elementor-element-430e051 elementor-widget elementor-widget-image\" data-id=\"430e051\" data-element_type=\"widget\" data-widget_type=\"image.default\">\n\t\t\t\t<div class=\"elementor-widget-container\">\n\t\t\t<style>\/*! elementor - v3.6.4 - 13-04-2022 *\/\n.elementor-widget-image{text-align:center}.elementor-widget-image a{display:inline-block}.elementor-widget-image a img[src$=\".svg\"]{width:48px}.elementor-widget-image img{vertical-align:middle;display:inline-block}<\/style>\t\t\t\t\t\t\t\t\t\t\t\t<img loading=\"lazy\" decoding=\"async\" width=\"1024\" height=\"440\" src=\"https:\/\/fundacjaolafek.pl\/wp-content\/uploads\/2023\/03\/334184463_226819683071640_1993094912744435398_n-1024x440.jpg\" class=\"attachment-large size-large\" alt=\"\" srcset=\"https:\/\/fundacjaolafek.pl\/wp-content\/uploads\/2023\/03\/334184463_226819683071640_1993094912744435398_n-1024x440.jpg 1024w, https:\/\/fundacjaolafek.pl\/wp-content\/uploads\/2023\/03\/334184463_226819683071640_1993094912744435398_n-300x129.jpg 300w, https:\/\/fundacjaolafek.pl\/wp-content\/uploads\/2023\/03\/334184463_226819683071640_1993094912744435398_n-768x330.jpg 768w, https:\/\/fundacjaolafek.pl\/wp-content\/uploads\/2023\/03\/334184463_226819683071640_1993094912744435398_n.jpg 1051w\" sizes=\"auto, (max-width: 1024px) 100vw, 1024px\" \/>\t\t\t\t\t\t\t\t\t\t\t\t\t\t\t<\/div>\n\t\t\t\t<\/div>\n\t\t\t\t\t<\/div>\n\t\t<\/div>\n\t\t\t\t\t\t\t<\/div>\n\t\t<\/section>\n\t\t\t\t<section class=\"elementor-section elementor-top-section elementor-element elementor-element-ca7541c elementor-section-height-min-height elementor-section-boxed elementor-section-height-default elementor-section-items-middle\" data-id=\"ca7541c\" data-element_type=\"section\" data-settings=\"{&quot;background_background&quot;:&quot;classic&quot;}\">\n\t\t\t\t\t\t\t<div class=\"elementor-background-overlay\"><\/div>\n\t\t\t\t\t\t\t<div class=\"elementor-container elementor-column-gap-default\">\n\t\t\t\t\t<div class=\"elementor-column elementor-col-100 elementor-top-column elementor-element elementor-element-be10890\" data-id=\"be10890\" data-element_type=\"column\">\n\t\t\t<div class=\"elementor-widget-wrap elementor-element-populated\">\n\t\t\t\t\t\t\t\t<div class=\"elementor-element elementor-element-02500f6 animated-slow elementor-invisible elementor-widget elementor-widget-heading\" data-id=\"02500f6\" data-element_type=\"widget\" data-settings=\"{&quot;_animation&quot;:&quot;fadeInDown&quot;}\" data-widget_type=\"heading.default\">\n\t\t\t\t<div class=\"elementor-widget-container\">\n\t\t\t<style>\/*! elementor - v3.6.4 - 13-04-2022 *\/\n.elementor-heading-title{padding:0;margin:0;line-height:1}.elementor-widget-heading .elementor-heading-title[class*=elementor-size-]>a{color:inherit;font-size:inherit;line-height:inherit}.elementor-widget-heading .elementor-heading-title.elementor-size-small{font-size:15px}.elementor-widget-heading .elementor-heading-title.elementor-size-medium{font-size:19px}.elementor-widget-heading .elementor-heading-title.elementor-size-large{font-size:29px}.elementor-widget-heading .elementor-heading-title.elementor-size-xl{font-size:39px}.elementor-widget-heading .elementor-heading-title.elementor-size-xxl{font-size:59px}<\/style><h1 class=\"elementor-heading-title elementor-size-xl\">Zwierz\u0119ta ludziom - ludzie zwierz\u0119tom<\/h1>\t\t<\/div>\n\t\t\t\t<\/div>\n\t\t\t\t<div class=\"elementor-element elementor-element-ee8400c elementor-invisible elementor-widget elementor-widget-image\" data-id=\"ee8400c\" data-element_type=\"widget\" data-settings=\"{&quot;_animation&quot;:&quot;fadeInUp&quot;}\" data-widget_type=\"image.default\">\n\t\t\t\t<div class=\"elementor-widget-container\">\n\t\t\t\t\t\t\t\t\t\t\t\t\t\t\t<img loading=\"lazy\" decoding=\"async\" width=\"300\" height=\"239\" src=\"https:\/\/fundacjaolafek.pl\/wp-content\/uploads\/2023\/01\/OLAFEK_DUZY-300x239.png\" class=\"attachment-medium size-medium\" alt=\"\" srcset=\"https:\/\/fundacjaolafek.pl\/wp-content\/uploads\/2023\/01\/OLAFEK_DUZY-300x239.png 300w, https:\/\/fundacjaolafek.pl\/wp-content\/uploads\/2023\/01\/OLAFEK_DUZY-1024x816.png 1024w, https:\/\/fundacjaolafek.pl\/wp-content\/uploads\/2023\/01\/OLAFEK_DUZY-768x612.png 768w, https:\/\/fundacjaolafek.pl\/wp-content\/uploads\/2023\/01\/OLAFEK_DUZY-1536x1224.png 1536w, https:\/\/fundacjaolafek.pl\/wp-content\/uploads\/2023\/01\/OLAFEK_DUZY-2048x1633.png 2048w, https:\/\/fundacjaolafek.pl\/wp-content\/uploads\/2023\/01\/OLAFEK_DUZY-60x48.png 60w\" sizes=\"auto, (max-width: 300px) 100vw, 300px\" \/>\t\t\t\t\t\t\t\t\t\t\t\t\t\t\t<\/div>\n\t\t\t\t<\/div>\n\t\t\t\t<div class=\"elementor-element elementor-element-ffe4386 elementor-widget elementor-widget-text-editor\" data-id=\"ffe4386\" data-element_type=\"widget\" data-widget_type=\"text-editor.default\">\n\t\t\t\t<div class=\"elementor-widget-container\">\n\t\t\t<style>\/*! elementor - v3.6.4 - 13-04-2022 *\/\n.elementor-widget-text-editor.elementor-drop-cap-view-stacked .elementor-drop-cap{background-color:#818a91;color:#fff}.elementor-widget-text-editor.elementor-drop-cap-view-framed .elementor-drop-cap{color:#818a91;border:3px solid;background-color:transparent}.elementor-widget-text-editor:not(.elementor-drop-cap-view-default) .elementor-drop-cap{margin-top:8px}.elementor-widget-text-editor:not(.elementor-drop-cap-view-default) .elementor-drop-cap-letter{width:1em;height:1em}.elementor-widget-text-editor .elementor-drop-cap{float:left;text-align:center;line-height:1;font-size:50px}.elementor-widget-text-editor .elementor-drop-cap-letter{display:inline-block}<\/style>\t\t\t\t\t\t\t\t\t\t<\/div>\n\t\t\t\t<\/div>\n\t\t\t\t\t<\/div>\n\t\t<\/div>\n\t\t\t\t\t\t\t<\/div>\n\t\t<\/section>\n\t\t\t\t<section class=\"elementor-section elementor-top-section elementor-element elementor-element-2dff49b elementor-section-boxed elementor-section-height-default elementor-section-height-default\" data-id=\"2dff49b\" data-element_type=\"section\">\n\t\t\t\t\t\t<div class=\"elementor-container elementor-column-gap-default\">\n\t\t\t\t\t<div class=\"elementor-column elementor-col-100 elementor-top-column elementor-element elementor-element-5e815cf\" data-id=\"5e815cf\" data-element_type=\"column\">\n\t\t\t<div class=\"elementor-widget-wrap elementor-element-populated\">\n\t\t\t\t\t\t\t\t<div class=\"elementor-element elementor-element-64d9ee2 elementor-widget elementor-widget-text-editor\" data-id=\"64d9ee2\" data-element_type=\"widget\" data-widget_type=\"text-editor.default\">\n\t\t\t\t<div class=\"elementor-widget-container\">\n\t\t\t\t\t\t\t<p><strong><span style=\"color: #000000; font-family: 'Averia Gruesa Libre', sans-serif; text-align: center;\">Na bie\u017c\u0105co publikujemy nasze dzia\u0142ania w mediach spo\u0142eczno\u015bciowych takich jak Facebook oraz Instagram &#8211; zapraszamy do obserwowania<\/span><\/strong><\/p>\t\t\t\t\t\t<\/div>\n\t\t\t\t<\/div>\n\t\t\t\t\t<\/div>\n\t\t<\/div>\n\t\t\t\t\t\t\t<\/div>\n\t\t<\/section>\n\t\t\t\t<section class=\"elementor-section elementor-top-section elementor-element elementor-element-6a6b2f3 elementor-section-boxed elementor-section-height-default elementor-section-height-default\" data-id=\"6a6b2f3\" data-element_type=\"section\">\n\t\t\t\t\t\t<div class=\"elementor-container elementor-column-gap-default\">\n\t\t\t\t\t<div class=\"elementor-column elementor-col-50 elementor-top-column elementor-element elementor-element-8ce0190\" data-id=\"8ce0190\" data-element_type=\"column\">\n\t\t\t<div class=\"elementor-widget-wrap elementor-element-populated\">\n\t\t\t\t\t\t\t\t<div class=\"elementor-element elementor-element-a51a50e elementor-view-default elementor-widget elementor-widget-icon\" data-id=\"a51a50e\" data-element_type=\"widget\" data-widget_type=\"icon.default\">\n\t\t\t\t<div class=\"elementor-widget-container\">\n\t\t\t\t\t<div class=\"elementor-icon-wrapper\">\n\t\t\t<a class=\"elementor-icon elementor-animation-shrink\" href=\"https:\/\/www.facebook.com\/FundacjaOlafekPL\/\">\n\t\t\t<i aria-hidden=\"true\" class=\"fab fa-facebook\"><\/i>\t\t\t<\/a>\n\t\t<\/div>\n\t\t\t\t<\/div>\n\t\t\t\t<\/div>\n\t\t\t\t\t<\/div>\n\t\t<\/div>\n\t\t\t\t<div class=\"elementor-column elementor-col-50 elementor-top-column elementor-element elementor-element-ff8b263\" data-id=\"ff8b263\" data-element_type=\"column\">\n\t\t\t<div class=\"elementor-widget-wrap elementor-element-populated\">\n\t\t\t\t\t\t\t\t<div class=\"elementor-element elementor-element-3a1ce1e elementor-view-default elementor-widget elementor-widget-icon\" data-id=\"3a1ce1e\" data-element_type=\"widget\" data-widget_type=\"icon.default\">\n\t\t\t\t<div class=\"elementor-widget-container\">\n\t\t\t\t\t<div class=\"elementor-icon-wrapper\">\n\t\t\t<a class=\"elementor-icon elementor-animation-shrink\" href=\"https:\/\/instagram.com\/fundacja_olafek?igshid=YmMyMTA2M2Y=\">\n\t\t\t<i aria-hidden=\"true\" class=\"fab fa-instagram\"><\/i>\t\t\t<\/a>\n\t\t<\/div>\n\t\t\t\t<\/div>\n\t\t\t\t<\/div>\n\t\t\t\t\t<\/div>\n\t\t<\/div>\n\t\t\t\t\t\t\t<\/div>\n\t\t<\/section>\n\t\t\t\t<section class=\"elementor-section elementor-top-section elementor-element elementor-element-2957261 elementor-section-boxed elementor-section-height-default elementor-section-height-default\" data-id=\"2957261\" data-element_type=\"section\">\n\t\t\t\t\t\t<div class=\"elementor-container elementor-column-gap-default\">\n\t\t\t\t\t<div class=\"elementor-column elementor-col-100 elementor-top-column elementor-element elementor-element-b2d668c\" data-id=\"b2d668c\" data-element_type=\"column\">\n\t\t\t<div class=\"elementor-widget-wrap elementor-element-populated\">\n\t\t\t\t\t\t\t\t<div class=\"elementor-element elementor-element-4ce6afa elementor-widget elementor-widget-text-editor\" data-id=\"4ce6afa\" data-element_type=\"widget\" data-widget_type=\"text-editor.default\">\n\t\t\t\t<div class=\"elementor-widget-container\">\n\t\t\t\t\t\t\t<p><strong><span style=\"background-color: var(--ast-global-color-5); font-style: inherit;\">Pomagamy zwierz\u0119tom i ludziom &#8211; ratujemy zwierz\u0119ta w potrzebie: m.in. koty, psy, owce, alpaki, konie, czy szopy pracze&#8230;<\/span><\/strong><\/p><p><strong><span style=\"background-color: var(--ast-global-color-5); font-style: inherit;\">Je\u017adzimy do potrzebuj\u0105cych plac\u00f3wek z naszymi zwierz\u0119tami (<\/span><span style=\"background-color: var(--ast-global-color-5); font-size: 1rem;\">wyszkolonymi do kontaktu z cz\u0142owiekiem)<\/span><span style=\"background-color: var(--ast-global-color-5); font-style: inherit;\">, \u017ceby sprawi\u0107 u\u015bmiech na twarzach, a my\u015bli tych w potrzebie cho\u0107by na chwil\u0119 pow\u0119drowa\u0142y w pozytywn\u0105 stron\u0119!<\/span><\/strong><\/p><p><strong>Je\u017celi podoba Ci si\u0119 to co robimy i chcia\u0142by\u015b do\u0142\u0105czy\u0107 do niesiemy pomocy to z ca\u0142ego serca dzi\u0119kujemy!<\/strong><\/p><p><strong>Wsp\u00f3lnie r\u00f3bmy dobro!<\/strong><\/p><p><strong>Poni\u017cej dwa odno\u015bniki &#8211; pierwszy do darowizny jednorazowej, a drugi do cyklicznej &#8211; co miesi\u0105c<\/strong><\/p>\t\t\t\t\t\t<\/div>\n\t\t\t\t<\/div>\n\t\t\t\t\t<\/div>\n\t\t<\/div>\n\t\t\t\t\t\t\t<\/div>\n\t\t<\/section>\n\t\t\t\t<section class=\"elementor-section elementor-top-section elementor-element elementor-element-bade729 elementor-section-boxed elementor-section-height-default elementor-section-height-default\" data-id=\"bade729\" data-element_type=\"section\">\n\t\t\t\t\t\t<div class=\"elementor-container elementor-column-gap-default\">\n\t\t\t\t\t<div class=\"elementor-column elementor-col-50 elementor-top-column elementor-element elementor-element-c641467\" data-id=\"c641467\" data-element_type=\"column\">\n\t\t\t<div class=\"elementor-widget-wrap elementor-element-populated\">\n\t\t\t\t\t\t\t\t<div class=\"elementor-element elementor-element-979d25e elementor-widget elementor-widget-text-editor\" data-id=\"979d25e\" data-element_type=\"widget\" data-widget_type=\"text-editor.default\">\n\t\t\t\t<div class=\"elementor-widget-container\">\n\t\t\t\t\t\t\t<div style=\"position: relative; width: 100%; height: 400px; overflow: hidden;\"><iframe style=\"position: absolute; top: 0; left: 0; bottom: 0; right: 0; width: 100%; height: 100%;\" src=\"https:\/\/zrzutka.pl\/7yeatk\/widget\/13\" frameborder=\"0\" scrolling=\"no\"><\/iframe><\/div>\t\t\t\t\t\t<\/div>\n\t\t\t\t<\/div>\n\t\t\t\t\t<\/div>\n\t\t<\/div>\n\t\t\t\t<div class=\"elementor-column elementor-col-50 elementor-top-column elementor-element elementor-element-5007d05\" data-id=\"5007d05\" data-element_type=\"column\">\n\t\t\t<div class=\"elementor-widget-wrap elementor-element-populated\">\n\t\t\t\t\t\t\t\t<div class=\"elementor-element elementor-element-4e78e77 elementor-widget elementor-widget-text-editor\" data-id=\"4e78e77\" data-element_type=\"widget\" data-widget_type=\"text-editor.default\">\n\t\t\t\t<div class=\"elementor-widget-container\">\n\t\t\t\t\t\t\t<div style=\"position: relative; width: 100%; height: 400px; overflow: hidden;\">\u00a0<\/div><p>\u00a0<\/p><p><iframe style=\"position: absolute; top: 0; left: 0; bottom: 0; right: 0; width: 100%; height: 100%;\" src=\"https:\/\/zrzutka.pl\/8g4zc4\/widget\/13\" frameborder=\"0\" scrolling=\"no\"><\/iframe><\/p>\t\t\t\t\t\t<\/div>\n\t\t\t\t<\/div>\n\t\t\t\t\t<\/div>\n\t\t<\/div>\n\t\t\t\t\t\t\t<\/div>\n\t\t<\/section>\n\t\t\t\t<section class=\"elementor-section elementor-top-section elementor-element elementor-element-d178e83 elementor-section-boxed elementor-section-height-default elementor-section-height-default\" data-id=\"d178e83\" data-element_type=\"section\">\n\t\t\t\t\t\t<div class=\"elementor-container elementor-column-gap-default\">\n\t\t\t\t\t<div class=\"elementor-column elementor-col-100 elementor-top-column elementor-element elementor-element-fd2a87b\" data-id=\"fd2a87b\" data-element_type=\"column\">\n\t\t\t<div class=\"elementor-widget-wrap\">\n\t\t\t\t\t\t\t\t\t<\/div>\n\t\t<\/div>\n\t\t\t\t\t\t\t<\/div>\n\t\t<\/section>\n\t\t\t\t<section class=\"elementor-section elementor-top-section elementor-element elementor-element-b991a90 elementor-section-height-min-height elementor-section-content-middle elementor-section-boxed elementor-section-height-default elementor-section-items-middle\" data-id=\"b991a90\" data-element_type=\"section\" data-settings=\"{&quot;background_background&quot;:&quot;classic&quot;}\">\n\t\t\t\t\t\t<div class=\"elementor-container elementor-column-gap-default\">\n\t\t\t\t\t<div class=\"elementor-column elementor-col-100 elementor-top-column elementor-element elementor-element-47e5172\" data-id=\"47e5172\" data-element_type=\"column\">\n\t\t\t<div class=\"elementor-widget-wrap elementor-element-populated\">\n\t\t\t\t\t\t\t\t<div class=\"elementor-element elementor-element-7d508b6 elementor-widget elementor-widget-heading\" data-id=\"7d508b6\" data-element_type=\"widget\" data-widget_type=\"heading.default\">\n\t\t\t\t<div class=\"elementor-widget-container\">\n\t\t\t<h1 class=\"elementor-heading-title elementor-size-default\">Fundacja Olafek<\/h1>\t\t<\/div>\n\t\t\t\t<\/div>\n\t\t\t\t<div class=\"elementor-element elementor-element-049c21d elementor-widget elementor-widget-text-editor\" data-id=\"049c21d\" data-element_type=\"widget\" data-widget_type=\"text-editor.default\">\n\t\t\t\t<div class=\"elementor-widget-container\">\n\t\t\t\t\t\t\t<p><strong>Chcia\u0142by\u015b nas wesprze\u0107?<\/strong><\/p><p><strong>\u00a0Przelew na konto fundacji tytu\u0142em &#8222;darowizna&#8221;<\/strong><\/p><p><strong>Santander Bank: 82 1090 2659 0000 0001 5140 5714<\/strong><\/p><p>\u00a0<\/p><p>ul. Szkolna 59, 78-122 Charzyno<\/p><p>NIP 6711851698 REGON 522765069<\/p><p>KRS 0000982247<\/p>\t\t\t\t\t\t<\/div>\n\t\t\t\t<\/div>\n\t\t\t\t\t<\/div>\n\t\t<\/div>\n\t\t\t\t\t\t\t<\/div>\n\t\t<\/section>\n\t\t\t\t\t\t\t<\/div>\n\t\t","protected":false},"excerpt":{"rendered":"<p>Zwierz\u0119ta ludziom &#8211; ludzie zwierz\u0119tom Na bie\u017c\u0105co publikujemy nasze dzia\u0142ania w mediach spo\u0142eczno\u015bciowych takich jak Facebook oraz Instagram &#8211; zapraszamy do obserwowania Pomagamy zwierz\u0119tom i ludziom &#8211; ratujemy zwierz\u0119ta w potrzebie: m.in. koty, psy, owce, alpaki, konie, czy szopy pracze&#8230; Je\u017adzimy do potrzebuj\u0105cych plac\u00f3wek z naszymi zwierz\u0119tami (wyszkolonymi do kontaktu z cz\u0142owiekiem), \u017ceby sprawi\u0107 u\u015bmiech &hellip;<\/p>\n<p class=\"read-more\"> <a class=\"\" href=\"https:\/\/fundacjaolafek.pl\/\"> <span class=\"screen-reader-text\">Home<\/span> Read More &raquo;<\/a><\/p>\n","protected":false},"author":1,"featured_media":0,"parent":0,"menu_order":0,"comment_status":"closed","ping_status":"closed","template":"","meta":{"site-sidebar-layout":"no-sidebar","site-content-layout":"page-builder","ast-global-header-display":"","ast-main-header-display":"","ast-hfb-above-header-display":"","ast-hfb-below-header-display":"","ast-hfb-mobile-header-display":"","site-post-title":"disabled","ast-breadcrumbs-content":"","ast-featured-img":"disabled","footer-sml-layout":"","theme-transparent-header-meta":"enabled","adv-header-id-meta":"","stick-header-meta":"","header-above-stick-meta":"","header-main-stick-meta":"","header-below-stick-meta":"","footnotes":""},"class_list":["post-11","page","type-page","status-publish","hentry"],"_links":{"self":[{"href":"https:\/\/fundacjaolafek.pl\/index.php\/wp-json\/wp\/v2\/pages\/11","targetHints":{"allow":["GET"]}}],"collection":[{"href":"https:\/\/fundacjaolafek.pl\/index.php\/wp-json\/wp\/v2\/pages"}],"about":[{"href":"https:\/\/fundacjaolafek.pl\/index.php\/wp-json\/wp\/v2\/types\/page"}],"author":[{"embeddable":true,"href":"https:\/\/fundacjaolafek.pl\/index.php\/wp-json\/wp\/v2\/users\/1"}],"replies":[{"embeddable":true,"href":"https:\/\/fundacjaolafek.pl\/index.php\/wp-json\/wp\/v2\/comments?post=11"}],"version-history":[{"count":68,"href":"https:\/\/fundacjaolafek.pl\/index.php\/wp-json\/wp\/v2\/pages\/11\/revisions"}],"predecessor-version":[{"id":1422,"href":"https:\/\/fundacjaolafek.pl\/index.php\/wp-json\/wp\/v2\/pages\/11\/revisions\/1422"}],"wp:attachment":[{"href":"https:\/\/fundacjaolafek.pl\/index.php\/wp-json\/wp\/v2\/media?parent=11"}],"curies":[{"name":"wp","href":"https:\/\/api.w.org\/{rel}","templated":true}]}}